{"id":729,"date":"2024-02-25T17:48:22","date_gmt":"2024-02-25T16:48:22","guid":{"rendered":"https:\/\/www.fintechjog.hu\/masthead\/"},"modified":"2024-04-20T16:48:12","modified_gmt":"2024-04-20T14:48:12","slug":"masthead","status":"publish","type":"page","link":"https:\/\/www.fintechjog.hu\/en\/masthead\/","title":{"rendered":"Masthead"},"content":{"rendered":"<h5>Service provider details:<\/h5>\n<ul>\n<li>Service Provider: Dr. D\u00e1vid P\u00e9ter Law Office (&#8220;Service Provider&#8221;)<\/li>\n<li>Registered office: 1164 Budapest, Cukorn\u00e1d utca 56.<\/li>\n<li>Registration number: 5228<\/li>\n<li>Registered by the Budapest Bar Association<\/li>\n<li>Tax number: 19339933-2-42<\/li>\n<li>Bar: Budapest Bar Association<\/li>\n<li>Represented by Dr. P\u00e9ter D\u00e1vid, lawyer<\/li>\n<li>Email: info@fintechjog.hu<\/li>\n<li>Web: www.fintechjog.hu<\/li>\n<\/ul>\n<h5>Details of the hosting provider<\/h5>\n<ul>\n<li>Webparadicsom Media Group Kft.<\/li>\n<li>Headquarters: 1027 Budapest, Bem J\u00f3zsef utca 9.<\/li>\n<li>Email: info@webparadicsom.hu<\/li>\n<li>Web: www.webparadicsom.hu<\/li>\n<\/ul>\n<p>This website <strong>(www.fintechjog.hu)<\/strong> is protected by copyright, and any unauthorised use of it or any part of it constitutes an infringement of copyright.<\/p>\n<p>Dr. D\u00e1vid P\u00e9ter Law Office does not guarantee the accuracy of the information provided on this website. Dr. D\u00e1vid P\u00e9ter Law Office shall not be liable for any damages resulting from errors, inaccuracies or technical problems. Dr. D\u00e1vid P\u00e9ter Law Office reserves the right to change the content of this website in whole or in part at any time.<\/p>\n<p>The website may be linked to other websites without any changes in form or content, only if it is not used for advertising purposes.<\/p>\n<p>For further information, please contact Dr. P\u00e9ter D\u00e1vid Law Office at the following e-mail address: info@fintechjog.hu<\/p>\n","protected":false},"excerpt":{"rendered":"<p>Service provider details: Service Provider: Dr. D\u00e1vid P\u00e9ter Law Office [&hellip;]<\/p>\n","protected":false},"author":1,"featured_media":0,"parent":0,"menu_order":0,"comment_status":"closed","ping_status":"closed","template":"100-width.php","meta":{"_acf_changed":false,"footnotes":""},"class_list":["post-729","page","type-page","status-publish","hentry"],"acf":[],"yoast_head":"<!-- This site is optimized with the Yoast SEO plugin v27.5 - https:\/\/yoast.com\/product\/yoast-seo-wordpress\/ -->\n<title>Masthead - Fintechjog<\/title>\n<meta name=\"robots\" content=\"index, follow, max-snippet:-1, max-image-preview:large, max-video-preview:-1\" \/>\n<link rel=\"canonical\" href=\"https:\/\/www.fintechjog.hu\/en\/masthead\/\" \/>\n<meta property=\"og:locale\" content=\"en_US\" \/>\n<meta property=\"og:type\" content=\"article\" \/>\n<meta property=\"og:title\" content=\"Masthead - Fintechjog\" \/>\n<meta property=\"og:description\" content=\"Service provider details: Service Provider: Dr. D\u00e1vid P\u00e9ter Law Office [&hellip;]\" \/>\n<meta property=\"og:url\" content=\"https:\/\/www.fintechjog.hu\/en\/masthead\/\" \/>\n<meta property=\"og:site_name\" content=\"Fintechjog\" \/>\n<meta property=\"article:modified_time\" content=\"2024-04-20T14:48:12+00:00\" \/>\n<meta name=\"twitter:card\" content=\"summary_large_image\" \/>\n<meta name=\"twitter:label1\" content=\"Est. reading time\" \/>\n\t<meta name=\"twitter:data1\" content=\"1 minute\" \/>\n<script type=\"application\/ld+json\" class=\"yoast-schema-graph\">{\"@context\":\"https:\\\/\\\/schema.org\",\"@graph\":[{\"@type\":\"WebPage\",\"@id\":\"https:\\\/\\\/www.fintechjog.hu\\\/en\\\/masthead\\\/\",\"url\":\"https:\\\/\\\/www.fintechjog.hu\\\/en\\\/masthead\\\/\",\"name\":\"Masthead - Fintechjog\",\"isPartOf\":{\"@id\":\"https:\\\/\\\/www.fintechjog.hu\\\/en\\\/#website\"},\"datePublished\":\"2024-02-25T16:48:22+00:00\",\"dateModified\":\"2024-04-20T14:48:12+00:00\",\"breadcrumb\":{\"@id\":\"https:\\\/\\\/www.fintechjog.hu\\\/en\\\/masthead\\\/#breadcrumb\"},\"inLanguage\":\"en-US\",\"potentialAction\":[{\"@type\":\"ReadAction\",\"target\":[\"https:\\\/\\\/www.fintechjog.hu\\\/en\\\/masthead\\\/\"]}]},{\"@type\":\"BreadcrumbList\",\"@id\":\"https:\\\/\\\/www.fintechjog.hu\\\/en\\\/masthead\\\/#breadcrumb\",\"itemListElement\":[{\"@type\":\"ListItem\",\"position\":1,\"name\":\"Kezd\u0151lap\",\"item\":\"https:\\\/\\\/www.fintechjog.hu\\\/en\\\/home\\\/\"},{\"@type\":\"ListItem\",\"position\":2,\"name\":\"Masthead\"}]},{\"@type\":\"WebSite\",\"@id\":\"https:\\\/\\\/www.fintechjog.hu\\\/en\\\/#website\",\"url\":\"https:\\\/\\\/www.fintechjog.hu\\\/en\\\/\",\"name\":\"Fintechjog\",\"description\":\"A fintech v\u00e1llalkoz\u00e1sok \u00e9s innovat\u00edv technol\u00f3gi\u00e1k jogi szak\u00e9rt\u0151je\",\"publisher\":{\"@id\":\"https:\\\/\\\/www.fintechjog.hu\\\/en\\\/#organization\"},\"potentialAction\":[{\"@type\":\"SearchAction\",\"target\":{\"@type\":\"EntryPoint\",\"urlTemplate\":\"https:\\\/\\\/www.fintechjog.hu\\\/en\\\/?s={search_term_string}\"},\"query-input\":{\"@type\":\"PropertyValueSpecification\",\"valueRequired\":true,\"valueName\":\"search_term_string\"}}],\"inLanguage\":\"en-US\"},{\"@type\":\"Organization\",\"@id\":\"https:\\\/\\\/www.fintechjog.hu\\\/en\\\/#organization\",\"name\":\"Fintechjog\",\"url\":\"https:\\\/\\\/www.fintechjog.hu\\\/en\\\/\",\"logo\":{\"@type\":\"ImageObject\",\"inLanguage\":\"en-US\",\"@id\":\"https:\\\/\\\/www.fintechjog.hu\\\/en\\\/#\\\/schema\\\/logo\\\/image\\\/\",\"url\":\"https:\\\/\\\/www.fintechjog.hu\\\/wp-content\\\/uploads\\\/2024\\\/02\\\/fintechjog_logo_alternate_default.png\",\"contentUrl\":\"https:\\\/\\\/www.fintechjog.hu\\\/wp-content\\\/uploads\\\/2024\\\/02\\\/fintechjog_logo_alternate_default.png\",\"width\":190,\"height\":48,\"caption\":\"Fintechjog\"},\"image\":{\"@id\":\"https:\\\/\\\/www.fintechjog.hu\\\/en\\\/#\\\/schema\\\/logo\\\/image\\\/\"},\"sameAs\":[\"https:\\\/\\\/www.linkedin.com\\\/company\\\/fintechjog\\\/\"]}]}<\/script>\n<!-- \/ Yoast SEO plugin. -->","yoast_head_json":{"title":"Masthead - Fintechjog","robots":{"index":"index","follow":"follow","max-snippet":"max-snippet:-1","max-image-preview":"max-image-preview:large","max-video-preview":"max-video-preview:-1"},"canonical":"https:\/\/www.fintechjog.hu\/en\/masthead\/","og_locale":"en_US","og_type":"article","og_title":"Masthead - Fintechjog","og_description":"Service provider details: Service Provider: Dr. D\u00e1vid P\u00e9ter Law Office [&hellip;]","og_url":"https:\/\/www.fintechjog.hu\/en\/masthead\/","og_site_name":"Fintechjog","article_modified_time":"2024-04-20T14:48:12+00:00","twitter_card":"summary_large_image","twitter_misc":{"Est. reading time":"1 minute"},"schema":{"@context":"https:\/\/schema.org","@graph":[{"@type":"WebPage","@id":"https:\/\/www.fintechjog.hu\/en\/masthead\/","url":"https:\/\/www.fintechjog.hu\/en\/masthead\/","name":"Masthead - Fintechjog","isPartOf":{"@id":"https:\/\/www.fintechjog.hu\/en\/#website"},"datePublished":"2024-02-25T16:48:22+00:00","dateModified":"2024-04-20T14:48:12+00:00","breadcrumb":{"@id":"https:\/\/www.fintechjog.hu\/en\/masthead\/#breadcrumb"},"inLanguage":"en-US","potentialAction":[{"@type":"ReadAction","target":["https:\/\/www.fintechjog.hu\/en\/masthead\/"]}]},{"@type":"BreadcrumbList","@id":"https:\/\/www.fintechjog.hu\/en\/masthead\/#breadcrumb","itemListElement":[{"@type":"ListItem","position":1,"name":"Kezd\u0151lap","item":"https:\/\/www.fintechjog.hu\/en\/home\/"},{"@type":"ListItem","position":2,"name":"Masthead"}]},{"@type":"WebSite","@id":"https:\/\/www.fintechjog.hu\/en\/#website","url":"https:\/\/www.fintechjog.hu\/en\/","name":"Fintechjog","description":"A fintech v\u00e1llalkoz\u00e1sok \u00e9s innovat\u00edv technol\u00f3gi\u00e1k jogi szak\u00e9rt\u0151je","publisher":{"@id":"https:\/\/www.fintechjog.hu\/en\/#organization"},"potentialAction":[{"@type":"SearchAction","target":{"@type":"EntryPoint","urlTemplate":"https:\/\/www.fintechjog.hu\/en\/?s={search_term_string}"},"query-input":{"@type":"PropertyValueSpecification","valueRequired":true,"valueName":"search_term_string"}}],"inLanguage":"en-US"},{"@type":"Organization","@id":"https:\/\/www.fintechjog.hu\/en\/#organization","name":"Fintechjog","url":"https:\/\/www.fintechjog.hu\/en\/","logo":{"@type":"ImageObject","inLanguage":"en-US","@id":"https:\/\/www.fintechjog.hu\/en\/#\/schema\/logo\/image\/","url":"https:\/\/www.fintechjog.hu\/wp-content\/uploads\/2024\/02\/fintechjog_logo_alternate_default.png","contentUrl":"https:\/\/www.fintechjog.hu\/wp-content\/uploads\/2024\/02\/fintechjog_logo_alternate_default.png","width":190,"height":48,"caption":"Fintechjog"},"image":{"@id":"https:\/\/www.fintechjog.hu\/en\/#\/schema\/logo\/image\/"},"sameAs":["https:\/\/www.linkedin.com\/company\/fintechjog\/"]}]}},"_links":{"self":[{"href":"https:\/\/www.fintechjog.hu\/en\/wp-json\/wp\/v2\/pages\/729","targetHints":{"allow":["GET"]}}],"collection":[{"href":"https:\/\/www.fintechjog.hu\/en\/wp-json\/wp\/v2\/pages"}],"about":[{"href":"https:\/\/www.fintechjog.hu\/en\/wp-json\/wp\/v2\/types\/page"}],"author":[{"embeddable":true,"href":"https:\/\/www.fintechjog.hu\/en\/wp-json\/wp\/v2\/users\/1"}],"replies":[{"embeddable":true,"href":"https:\/\/www.fintechjog.hu\/en\/wp-json\/wp\/v2\/comments?post=729"}],"version-history":[{"count":1,"href":"https:\/\/www.fintechjog.hu\/en\/wp-json\/wp\/v2\/pages\/729\/revisions"}],"predecessor-version":[{"id":910,"href":"https:\/\/www.fintechjog.hu\/en\/wp-json\/wp\/v2\/pages\/729\/revisions\/910"}],"wp:attachment":[{"href":"https:\/\/www.fintechjog.hu\/en\/wp-json\/wp\/v2\/media?parent=729"}],"curies":[{"name":"wp","href":"https:\/\/api.w.org\/{rel}","templated":true}]}}