{"id":732,"date":"2024-02-25T17:48:16","date_gmt":"2024-02-25T16:48:16","guid":{"rendered":"https:\/\/www.fintechjog.hu\/rechtliche-erklaerung\/"},"modified":"2024-10-23T09:06:38","modified_gmt":"2024-10-23T07:06:38","slug":"rechtliche-erklaerung","status":"publish","type":"page","link":"https:\/\/www.fintechjog.hu\/de\/rechtliche-erklaerung\/","title":{"rendered":"Rechtliche Erkl\u00e4rung"},"content":{"rendered":"<p><strong>Rechtliche Hinweise auf der Website www.fintechjog.hu<\/strong><\/p>\n<p>Die Dom\u00e4nennamen dieser Website sind Eigentum der Anwaltskanzlei D\u00e1vid und Sike (Anwaltskanzlei).<\/p>\n<p>Mit dem Zugriff auf diese Website erkl\u00e4ren sich alle Nutzer mit den nachstehenden Nutzungsbedingungen und der Datenschutzrichtlinie einverstanden.<\/p>\n<h5><strong>1. das Urheberrecht<\/strong><\/h5>\n<ul>\n<li>Das Urheberrecht am Inhalt der Website liegt bei der Anwaltskanzlei, es sei denn, dass im jeweiligen Dokument eine andere Quelle angegeben ist oder ein anderer Urheberrechtshinweis erfolgt.<\/li>\n<li>Sofern nicht anders angegeben, d\u00fcrfen die Informationen auf dieser Website ohne \u00c4nderung und unter Angabe der Quelle frei verbreitet werden.<\/li>\n<li>Die Nutzung der auf der Website ver\u00f6ffentlichten geistigen Werke (Artikel, Studien) Dritter unterliegt den Bestimmungen des Urheberrechtsgesetzes von 1999. LXXVI. ist nach den gesetzlichen Bestimmungen m\u00f6glich. Jede dar\u00fcber hinausgehende Nutzung bedarf der Zustimmung des Urhebers.<\/li>\n<\/ul>\n<h5><strong>2. informationen<\/strong><\/h5>\n<ul>\n<li>Die auf den Webseiten der Kanzlei enthaltenen Informationen, Daten und Bedingungen dienen ausschlie\u00dflich Informationszwecken und die Kanzlei haftet nicht f\u00fcr deren Vollst\u00e4ndigkeit oder Richtigkeit.<\/li>\n<li>Der Inhalt der Website stellt weder ein \u00f6ffentliches Dokument noch eine Rechtsberatung dar und wird von der Kanzlei nur zu Informationszwecken zur Verf\u00fcgung gestellt.<\/li>\n<li>Die ver\u00f6ffentlichten Informationen stellen keine steuerliche, rechtliche oder sonstige Beratung dar. Die Kanzlei haftet nicht f\u00fcr Sch\u00e4den, die sich aus gesch\u00e4ftlichen Entscheidungen ergeben, die auf der Grundlage der auf dieser Website enthaltenen Informationen getroffen wurden.<\/li>\n<li>Die Anwaltskanzlei beh\u00e4lt sich das Recht vor, den Inhalt der Website jederzeit ganz oder teilweise zu \u00e4ndern.<\/li>\n<li>Nur gedruckte Dokumente, die als amtlich beglaubigt wurden, gelten als authentische Quellen.<\/li>\n<\/ul>\n<h5><strong>3. die Nutzung der Website<\/strong><\/h5>\n<p>Die Kanzlei haftet nicht f\u00fcr Sch\u00e4den, Verluste, Kosten, die durch die Nutzung der Webseiten, deren Unbrauchbarkeit, Fehlfunktion, Ausfall, unbefugte Ver\u00e4nderung von Daten durch irgendjemanden oder durch Verz\u00f6gerungen bei der \u00dcbertragung von Informationen, Computerviren, Leitungs- oder Systemausf\u00e4lle oder andere \u00e4hnliche Ursachen entstehen.<\/p>\n<h5><strong>4. verwandte Websites<\/strong><\/h5>\n<ul>\n<li>Die Website der Kanzlei kann Verkn\u00fcpfungen (so genannte Hyperlinks oder Hyperlinks) enthalten, die eine automatische Verbindung zu anderen Websites herstellen. Der Inhalt, der \u00fcber externe Links heruntergeladen wird, unterliegt nicht der Kontrolle der Kanzlei.<\/li>\n<li>Die Website der Kanzlei erm\u00f6glicht lediglich den Zugang zu den verlinkten Websites, \u00fcbernimmt jedoch keinerlei Verpflichtung oder Verantwortung f\u00fcr die Websites oder die darin enthaltenen Informationen, selbst wenn diese von einem Mitarbeiter oder Vertreter der Kanzlei \u00fcberpr\u00fcft oder genehmigt wurden.<\/li>\n<li>Die Kanzlei haftet nicht f\u00fcr die von Dritten erstellten, \u00fcbermittelten, gespeicherten, zur Verf\u00fcgung gestellten oder ver\u00f6ffentlichten Inhalte, auf die die Kanzlei-Website verlinkt oder verweist. Die Anwaltskanzlei ist auch nicht verantwortlich f\u00fcr die Datenschutzpraktiken anderer Website-Betreiber.<\/li>\n<\/ul>\n<h5><strong>5. rechtliche Konsequenzen<\/strong><\/h5>\n<p>Im Falle eines Versto\u00dfes gegen diesen rechtlichen Hinweis wird die Kanzlei unverz\u00fcglich die erforderlichen rechtlichen Schritte einleiten.<\/p>\n<h5><strong>6. die \u00c4nderung des Impressums<\/strong><\/h5>\n<p>Die Anwaltskanzlei beh\u00e4lt sich das Recht vor, diesen rechtlichen Hinweis zu \u00e4ndern, was den Nutzern in diesem Bereich der Website mitgeteilt wird.<\/p>\n","protected":false},"excerpt":{"rendered":"<p>Rechtliche Hinweise auf der Website www.fintechjog.hu Die Dom\u00e4nennamen dieser Website [&hellip;]<\/p>\n","protected":false},"author":1,"featured_media":0,"parent":0,"menu_order":0,"comment_status":"closed","ping_status":"closed","template":"100-width.php","meta":{"_acf_changed":false,"footnotes":""},"class_list":["post-732","page","type-page","status-publish","hentry"],"acf":[],"yoast_head":"<!-- This site is optimized with the Yoast SEO plugin v27.4 - https:\/\/yoast.com\/product\/yoast-seo-wordpress\/ -->\n<title>Rechtliche Erkl\u00e4rung - Fintechjog<\/title>\n<meta name=\"robots\" content=\"index, follow, max-snippet:-1, max-image-preview:large, max-video-preview:-1\" \/>\n<link rel=\"canonical\" href=\"https:\/\/www.fintechjog.hu\/de\/rechtliche-erklaerung\/\" \/>\n<meta property=\"og:locale\" content=\"de_DE\" \/>\n<meta property=\"og:type\" content=\"article\" \/>\n<meta property=\"og:title\" content=\"Rechtliche Erkl\u00e4rung - Fintechjog\" \/>\n<meta property=\"og:description\" content=\"Rechtliche Hinweise auf der Website www.fintechjog.hu Die Dom\u00e4nennamen dieser Website [&hellip;]\" \/>\n<meta property=\"og:url\" content=\"https:\/\/www.fintechjog.hu\/de\/rechtliche-erklaerung\/\" \/>\n<meta property=\"og:site_name\" content=\"Fintechjog\" \/>\n<meta property=\"article:modified_time\" content=\"2024-10-23T07:06:38+00:00\" \/>\n<meta name=\"twitter:card\" content=\"summary_large_image\" \/>\n<meta name=\"twitter:label1\" content=\"Gesch\u00e4tzte Lesezeit\" \/>\n\t<meta name=\"twitter:data1\" content=\"2\u00a0Minuten\" \/>\n<script type=\"application\/ld+json\" class=\"yoast-schema-graph\">{\"@context\":\"https:\\\/\\\/schema.org\",\"@graph\":[{\"@type\":\"WebPage\",\"@id\":\"https:\\\/\\\/www.fintechjog.hu\\\/de\\\/rechtliche-erklaerung\\\/\",\"url\":\"https:\\\/\\\/www.fintechjog.hu\\\/de\\\/rechtliche-erklaerung\\\/\",\"name\":\"Rechtliche Erkl\u00e4rung - Fintechjog\",\"isPartOf\":{\"@id\":\"https:\\\/\\\/www.fintechjog.hu\\\/de\\\/#website\"},\"datePublished\":\"2024-02-25T16:48:16+00:00\",\"dateModified\":\"2024-10-23T07:06:38+00:00\",\"breadcrumb\":{\"@id\":\"https:\\\/\\\/www.fintechjog.hu\\\/de\\\/rechtliche-erklaerung\\\/#breadcrumb\"},\"inLanguage\":\"de\",\"potentialAction\":[{\"@type\":\"ReadAction\",\"target\":[\"https:\\\/\\\/www.fintechjog.hu\\\/de\\\/rechtliche-erklaerung\\\/\"]}]},{\"@type\":\"BreadcrumbList\",\"@id\":\"https:\\\/\\\/www.fintechjog.hu\\\/de\\\/rechtliche-erklaerung\\\/#breadcrumb\",\"itemListElement\":[{\"@type\":\"ListItem\",\"position\":1,\"name\":\"Kezd\u0151lap\",\"item\":\"https:\\\/\\\/www.fintechjog.hu\\\/de\\\/startseite\\\/\"},{\"@type\":\"ListItem\",\"position\":2,\"name\":\"Rechtliche Erkl\u00e4rung\"}]},{\"@type\":\"WebSite\",\"@id\":\"https:\\\/\\\/www.fintechjog.hu\\\/de\\\/#website\",\"url\":\"https:\\\/\\\/www.fintechjog.hu\\\/de\\\/\",\"name\":\"Fintechjog\",\"description\":\"A fintech v\u00e1llalkoz\u00e1sok \u00e9s innovat\u00edv technol\u00f3gi\u00e1k jogi szak\u00e9rt\u0151je\",\"publisher\":{\"@id\":\"https:\\\/\\\/www.fintechjog.hu\\\/de\\\/#organization\"},\"potentialAction\":[{\"@type\":\"SearchAction\",\"target\":{\"@type\":\"EntryPoint\",\"urlTemplate\":\"https:\\\/\\\/www.fintechjog.hu\\\/de\\\/?s={search_term_string}\"},\"query-input\":{\"@type\":\"PropertyValueSpecification\",\"valueRequired\":true,\"valueName\":\"search_term_string\"}}],\"inLanguage\":\"de\"},{\"@type\":\"Organization\",\"@id\":\"https:\\\/\\\/www.fintechjog.hu\\\/de\\\/#organization\",\"name\":\"Fintechjog\",\"url\":\"https:\\\/\\\/www.fintechjog.hu\\\/de\\\/\",\"logo\":{\"@type\":\"ImageObject\",\"inLanguage\":\"de\",\"@id\":\"https:\\\/\\\/www.fintechjog.hu\\\/de\\\/#\\\/schema\\\/logo\\\/image\\\/\",\"url\":\"https:\\\/\\\/www.fintechjog.hu\\\/wp-content\\\/uploads\\\/2024\\\/02\\\/fintechjog_logo_alternate_default.png\",\"contentUrl\":\"https:\\\/\\\/www.fintechjog.hu\\\/wp-content\\\/uploads\\\/2024\\\/02\\\/fintechjog_logo_alternate_default.png\",\"width\":190,\"height\":48,\"caption\":\"Fintechjog\"},\"image\":{\"@id\":\"https:\\\/\\\/www.fintechjog.hu\\\/de\\\/#\\\/schema\\\/logo\\\/image\\\/\"},\"sameAs\":[\"https:\\\/\\\/www.linkedin.com\\\/company\\\/fintechjog\\\/\"]}]}<\/script>\n<!-- \/ Yoast SEO plugin. -->","yoast_head_json":{"title":"Rechtliche Erkl\u00e4rung - Fintechjog","robots":{"index":"index","follow":"follow","max-snippet":"max-snippet:-1","max-image-preview":"max-image-preview:large","max-video-preview":"max-video-preview:-1"},"canonical":"https:\/\/www.fintechjog.hu\/de\/rechtliche-erklaerung\/","og_locale":"de_DE","og_type":"article","og_title":"Rechtliche Erkl\u00e4rung - Fintechjog","og_description":"Rechtliche Hinweise auf der Website www.fintechjog.hu Die Dom\u00e4nennamen dieser Website [&hellip;]","og_url":"https:\/\/www.fintechjog.hu\/de\/rechtliche-erklaerung\/","og_site_name":"Fintechjog","article_modified_time":"2024-10-23T07:06:38+00:00","twitter_card":"summary_large_image","twitter_misc":{"Gesch\u00e4tzte Lesezeit":"2\u00a0Minuten"},"schema":{"@context":"https:\/\/schema.org","@graph":[{"@type":"WebPage","@id":"https:\/\/www.fintechjog.hu\/de\/rechtliche-erklaerung\/","url":"https:\/\/www.fintechjog.hu\/de\/rechtliche-erklaerung\/","name":"Rechtliche Erkl\u00e4rung - Fintechjog","isPartOf":{"@id":"https:\/\/www.fintechjog.hu\/de\/#website"},"datePublished":"2024-02-25T16:48:16+00:00","dateModified":"2024-10-23T07:06:38+00:00","breadcrumb":{"@id":"https:\/\/www.fintechjog.hu\/de\/rechtliche-erklaerung\/#breadcrumb"},"inLanguage":"de","potentialAction":[{"@type":"ReadAction","target":["https:\/\/www.fintechjog.hu\/de\/rechtliche-erklaerung\/"]}]},{"@type":"BreadcrumbList","@id":"https:\/\/www.fintechjog.hu\/de\/rechtliche-erklaerung\/#breadcrumb","itemListElement":[{"@type":"ListItem","position":1,"name":"Kezd\u0151lap","item":"https:\/\/www.fintechjog.hu\/de\/startseite\/"},{"@type":"ListItem","position":2,"name":"Rechtliche Erkl\u00e4rung"}]},{"@type":"WebSite","@id":"https:\/\/www.fintechjog.hu\/de\/#website","url":"https:\/\/www.fintechjog.hu\/de\/","name":"Fintechjog","description":"A fintech v\u00e1llalkoz\u00e1sok \u00e9s innovat\u00edv technol\u00f3gi\u00e1k jogi szak\u00e9rt\u0151je","publisher":{"@id":"https:\/\/www.fintechjog.hu\/de\/#organization"},"potentialAction":[{"@type":"SearchAction","target":{"@type":"EntryPoint","urlTemplate":"https:\/\/www.fintechjog.hu\/de\/?s={search_term_string}"},"query-input":{"@type":"PropertyValueSpecification","valueRequired":true,"valueName":"search_term_string"}}],"inLanguage":"de"},{"@type":"Organization","@id":"https:\/\/www.fintechjog.hu\/de\/#organization","name":"Fintechjog","url":"https:\/\/www.fintechjog.hu\/de\/","logo":{"@type":"ImageObject","inLanguage":"de","@id":"https:\/\/www.fintechjog.hu\/de\/#\/schema\/logo\/image\/","url":"https:\/\/www.fintechjog.hu\/wp-content\/uploads\/2024\/02\/fintechjog_logo_alternate_default.png","contentUrl":"https:\/\/www.fintechjog.hu\/wp-content\/uploads\/2024\/02\/fintechjog_logo_alternate_default.png","width":190,"height":48,"caption":"Fintechjog"},"image":{"@id":"https:\/\/www.fintechjog.hu\/de\/#\/schema\/logo\/image\/"},"sameAs":["https:\/\/www.linkedin.com\/company\/fintechjog\/"]}]}},"_links":{"self":[{"href":"https:\/\/www.fintechjog.hu\/de\/wp-json\/wp\/v2\/pages\/732","targetHints":{"allow":["GET"]}}],"collection":[{"href":"https:\/\/www.fintechjog.hu\/de\/wp-json\/wp\/v2\/pages"}],"about":[{"href":"https:\/\/www.fintechjog.hu\/de\/wp-json\/wp\/v2\/types\/page"}],"author":[{"embeddable":true,"href":"https:\/\/www.fintechjog.hu\/de\/wp-json\/wp\/v2\/users\/1"}],"replies":[{"embeddable":true,"href":"https:\/\/www.fintechjog.hu\/de\/wp-json\/wp\/v2\/comments?post=732"}],"version-history":[{"count":1,"href":"https:\/\/www.fintechjog.hu\/de\/wp-json\/wp\/v2\/pages\/732\/revisions"}],"predecessor-version":[{"id":1089,"href":"https:\/\/www.fintechjog.hu\/de\/wp-json\/wp\/v2\/pages\/732\/revisions\/1089"}],"wp:attachment":[{"href":"https:\/\/www.fintechjog.hu\/de\/wp-json\/wp\/v2\/media?parent=732"}],"curies":[{"name":"wp","href":"https:\/\/api.w.org\/{rel}","templated":true}]}}