{"id":730,"date":"2024-02-25T17:48:09","date_gmt":"2024-02-25T16:48:09","guid":{"rendered":"https:\/\/www.fintechjog.hu\/hinweis-zum-datenschutz\/"},"modified":"2024-10-23T09:06:40","modified_gmt":"2024-10-23T07:06:40","slug":"hinweis-zum-datenschutz","status":"publish","type":"page","link":"https:\/\/www.fintechjog.hu\/de\/hinweis-zum-datenschutz\/","title":{"rendered":"Hinweis zum Datenschutz"},"content":{"rendered":"<p><strong>Daten des f\u00fcr die Verarbeitung Verantwortlichen<\/strong><\/p>\n<ul>\n<li>Der f\u00fcr die Datenverarbeitung Verantwortliche ist die Anwaltskanzlei D\u00e1vid und Sike (&#8222;Data Controller&#8220;)<\/li>\n<li>Eingetragener Sitz: 1164 Budapest, Cukorn\u00e1d utca 56.<\/li>\n<li>Vertreten durch Dr. P\u00e9ter D\u00e1vid<\/li>\n<li>E-Mail: info@fintechjog.hu<\/li>\n<\/ul>\n<p>Der f\u00fcr die Datenverarbeitung Verantwortliche ist f\u00fcr die Erstellung dieses Datenschutzhinweises (der &#8222;Hinweis&#8220;), f\u00fcr die Durchsetzung und Kontrolle seines Inhalts und f\u00fcr die Umsetzung aller erforderlichen \u00c4nderungen verantwortlich. Die aktuelle Fassung dieses Hinweises ist am Sitz des f\u00fcr die Verarbeitung Verantwortlichen und auf der Website fintechjog.hu (nachstehend &#8222;Website&#8220; genannt) verf\u00fcgbar.<\/p>\n<h5><strong>(1) Vom f\u00fcr die Verarbeitung Verantwortlichen verarbeitete Daten<\/strong><\/h5>\n<p>1.1 Auf der vom Inhaber der Datenverarbeitung betriebenen Website fintechjog.hu<\/p>\n<p>Der f\u00fcr die Verarbeitung Verantwortliche f\u00fchrt die folgenden Datenverarbeitungsaktivit\u00e4ten in Bezug auf die betroffene Person durch, die die vom f\u00fcr die Verarbeitung Verantwortlichen betriebene Website fintechjog.hu (nachstehend &#8222;die Website&#8220;) besucht:<\/p>\n<table style=\"height: 761px;\" width=\"750\">\n<tbody>\n<tr>\n<td width=\"145\"><strong>Pers\u00f6nliche Daten<\/strong><\/td>\n<td width=\"166\"><strong>Zweck der Verarbeitung<\/strong><\/td>\n<td width=\"145\"><strong>Rechtsgrundlage<\/strong><\/td>\n<td width=\"148\"><strong>Zeitpunkt der Verarbeitung<\/strong><\/td>\n<\/tr>\n<tr>\n<td width=\"145\">Andere personenbezogene Daten, die von der betroffenen Person in einer von der betroffenen Person gesendeten Textnachricht oder auf der Unterseite &#8222;Kontakt&#8220; angegeben werden, wie Name, E-Mail-Adresse<\/td>\n<td width=\"166\">\n<p>Kontaktpflege, deren Hauptziel es ist, die betroffenen Personen mit angemessenen Informationen zu versorgen und eventuell auftretende Fragen effizient und unverz\u00fcglich zu beantworten; Bereitstellung von Informationen \u00fcber bestimmte Dienstleistungen und Durchf\u00fchrung von Informationsaufgaben.<\/td>\n<td width=\"145\">DIE DATENSCHUTZ-GRUNDVERORDNUNG 6. Artikel 4 Absatz 1 Buchstabe a, die freiwillige Einwilligung der betroffenen Person, die sie dem f\u00fcr die Verarbeitung Verantwortlichen mit der \u00dcbermittlung der Nachricht erteilt.<\/td>\n<td width=\"148\">Der f\u00fcr die Verarbeitung Verantwortliche verarbeitet personenbezogene Daten f\u00fcr die Dauer des Zwecks der Verarbeitung, in erster Linie im Zusammenhang mit der Bereitstellung von Kontakten und Dienstleistungen, und bis die betroffene Person die L\u00f6schung ihrer Daten verlangt oder ihre Einwilligung widerruft.<\/td>\n<\/tr>\n<tr>\n<td width=\"145\">Informationen aus Cookies und \u00e4hnlichen Technologien<\/td>\n<td width=\"166\">Einige der von uns verwendeten Cookies sind f\u00fcr das ordnungsgem\u00e4\u00dfe Funktionieren der Website unerl\u00e4sslich (Sitzungscookies), andere werden verwendet, um die Website f\u00fcr Sie bequemer zu machen. Erleichterung der Navigation und Nutzung der Website durch Aufzeichnung der Pr\u00e4ferenzen und des Nutzungsverhaltens der Besucher.<\/td>\n<td width=\"145\">Die freiwillige Zustimmung der betroffenen Person, die sie dem f\u00fcr die Verarbeitung Verantwortlichen mit der \u00dcbermittlung der Nachricht erteilt.<\/td>\n<td width=\"148\">Der f\u00fcr die Verarbeitung Verantwortliche verarbeitet personenbezogene Daten f\u00fcr die Dauer des Zwecks der Verarbeitung, in erster Linie im Zusammenhang mit der Bereitstellung von Kontakten und Dienstleistungen, und bis die betroffene Person die L\u00f6schung ihrer Daten verlangt oder ihre Einwilligung widerruft.<\/td>\n<\/tr>\n<\/tbody>\n<\/table>\n<p>1.2 Verantwortung f\u00fcr die von der betroffenen Person bereitgestellten Daten<\/p>\n<p>Die betroffene Person kann nur ihre eigenen personenbezogenen Daten angeben. Wenn Sie Ihre eigenen personenbezogenen Daten nicht zur Verf\u00fcgung stellen, liegt es in der Verantwortung des Datenanbieters, die Zustimmung der betroffenen Person einzuholen.<\/p>\n<h5><strong>2. die Zug\u00e4nglichkeit der personenbezogenen Daten<\/strong><\/h5>\n<p>&nbsp;<\/p>\n<p>Nur der f\u00fcr die Verarbeitung Verantwortliche hat das Recht auf direkten Zugang zu personenbezogenen Daten.<\/p>\n<p>Der f\u00fcr die Verarbeitung Verantwortliche unternimmt alle angemessenen technischen Anstrengungen, um die sichere Speicherung der Daten der betroffenen Person zu gew\u00e4hrleisten. Die 1. Der f\u00fcr die Verarbeitung Verantwortliche behandelt die durch die Bereitstellung der unter Buchstabe a genannten Daten gewonnenen Informationen mit \u00e4u\u00dferster Sorgfalt und streng vertraulich.<\/p>\n<h5><strong>3. die Daten\u00fcbertragung<\/strong><\/h5>\n<p>&nbsp;<\/p>\n<p>Mit der Annahme dieses Datenschutzhinweises erkl\u00e4rt sich die betroffene Person in Anerkennung der Datenschutzgrunds\u00e4tze ausdr\u00fccklich damit einverstanden, dass der f\u00fcr die Verarbeitung Verantwortliche die bereitgestellten Daten an Dienstleister weitergibt, die in einer direkten vertraglichen Beziehung zur betroffenen Person stehen. Die \u00fcbermittelten Daten d\u00fcrfen von jeder betroffenen Person ausschlie\u00dflich zur Erf\u00fcllung der vertraglichen Aufgabe verwendet werden und d\u00fcrfen nicht zur weiteren Verwendung aufbewahrt oder in irgendeiner Form an Dritte weitergegeben werden.<\/p>\n<p>Der f\u00fcr die Verarbeitung Verantwortliche wird die gespeicherten Daten nicht an Dritte weitergeben, es sei denn, dies ist gesetzlich vorgeschrieben (z. B. im Rahmen eines Strafverfahrens) oder zur Erf\u00fcllung seiner vertraglichen Pflichten.<\/p>\n<p>Der f\u00fcr die Datenverarbeitung Verantwortliche \u00fcbermittelt keine Daten im Rahmen der Erbringung der Dienstleistung.<\/p>\n<h5><strong>4. die Datenverarbeitung<\/strong><\/h5>\n<p>Der f\u00fcr die Verarbeitung Verantwortliche setzt nur Datenverarbeiter ein, die angemessene Garantien f\u00fcr die Einhaltung der zum Zeitpunkt der Verarbeitung geltenden Datenschutzvorschriften bieten, die vorrangig den Schutz der Rechte der betroffenen Personen gew\u00e4hrleisten und die geeignete technische und organisatorische Ma\u00dfnahmen zum Schutz personenbezogener Daten treffen.<\/p>\n<p>Der folgende Partner fungiert bei der Verarbeitung der Daten als Datenverarbeiter f\u00fcr den f\u00fcr die Verarbeitung Verantwortlichen:<\/p>\n<table style=\"height: 208px;\" width=\"705\">\n<tbody>\n<tr>\n<td width=\"301\"><strong>Datenverarbeiter<\/strong><\/td>\n<td width=\"303\"><strong>Die vom Datenverarbeiter durchgef\u00fchrten Aktivit\u00e4ten, die vom Datenverarbeiter erhobenen Daten<\/strong><\/td>\n<\/tr>\n<tr>\n<td width=\"301\">Die Webparadicsom Media Group Kft. (Sitz: 1027 Budapest, Bem J\u00f3zsef utca 9.) erbringt Hosting-Dienstleistungen f\u00fcr den Betrieb der Website.<\/td>\n<td width=\"303\">W\u00e4hrend der Erbringung der Hosting-Dienstleistung und der eventuellen Fehlerbehebung kann die Webparadicsom Media Group Kft. die im Repository gespeicherten Daten einsehen.<\/td>\n<\/tr>\n<\/tbody>\n<\/table>\n<h5><strong>5. die Rechte der betroffenen Person<\/strong><\/h5>\n<p>Auf Antrag der betroffenen Person erteilt der f\u00fcr die Verarbeitung Verantwortliche Auskunft \u00fcber die von ihm verarbeiteten personenbezogenen Daten, ihre Herkunft, den Zweck, die Rechtsgrundlage und die Dauer der Verarbeitung sowie im Falle der \u00dcbermittlung der personenbezogenen Daten der betroffenen Person \u00fcber die Rechtsgrundlage und den Empf\u00e4nger der \u00dcbermittlung. Informationen k\u00f6nnen per E-Mail unter info@fintechjog.hu angefordert werden, wobei in beiden F\u00e4llen ein Identit\u00e4tsnachweis und eine Postanschrift erforderlich sind. Der f\u00fcr die Verarbeitung Verantwortliche antwortet sp\u00e4testens innerhalb von 25 (f\u00fcnfundzwanzig) Tagen nach Eingang des Antrags schriftlich.<\/p>\n<p>Die betroffene Person hat das Recht, die Berichtigung ihrer personenbezogenen Daten (unter Angabe der korrekten Daten) auch per E-Mail an info@fintechjog.hu zu beantragen, wobei sie in jedem Fall einen Identit\u00e4tsnachweis und eine Postanschrift vorlegen muss. Der f\u00fcr die Verarbeitung Verantwortliche nimmt die Berichtigung unverz\u00fcglich in seinen Aufzeichnungen vor und teilt der betroffenen Person die Berichtigung schriftlich mit.<\/p>\n<p>Dar\u00fcber hinaus kann die betroffene Person jederzeit kostenlos und ohne Angabe von Gr\u00fcnden die L\u00f6schung oder Einschr\u00e4nkung der Verarbeitung ihrer Daten verlangen, indem sie eine E-Mail an info@fintechjog.hu schickt und dabei einen Identit\u00e4tsnachweis und eine Postanschrift angibt. Der f\u00fcr die Verarbeitung Verantwortliche hat unverz\u00fcglich nach Eingang des Antrags auf L\u00f6schung daf\u00fcr zu sorgen, dass die Verarbeitung eingestellt und die betroffene Person aus seinen Unterlagen gel\u00f6scht wird.<\/p>\n<p>Anstelle der L\u00f6schung schr\u00e4nkt der f\u00fcr die Verarbeitung Verantwortliche die Verarbeitung personenbezogener Daten ein, wenn die betroffene Person dies verlangt. Ist die Verarbeitung eingeschr\u00e4nkt, so d\u00fcrfen diese personenbezogenen Daten, abgesehen von ihrer Speicherung, nur mit Einwilligung der betroffenen Person oder zur Geltendmachung, Aus\u00fcbung oder Verteidigung von Rechtsanspr\u00fcchen oder zum Schutz der Rechte einer anderen nat\u00fcrlichen oder juristischen Person oder zur Wahrung wichtiger \u00f6ffentlicher Interessen der Union oder eines Mitgliedstaats verarbeitet werden.<\/p>\n<p>Kommt der f\u00fcr die Verarbeitung Verantwortliche dem Antrag der betroffenen Person auf Berichtigung, Einschr\u00e4nkung der Verarbeitung oder L\u00f6schung nicht nach, so teilt er ihr innerhalb von 25 (f\u00fcnfundzwanzig) Tagen nach Eingang des Antrags schriftlich die sachlichen und rechtlichen Gr\u00fcnde f\u00fcr die Ablehnung des Antrags auf Berichtigung, Einschr\u00e4nkung der Verarbeitung oder L\u00f6schung mit.<\/p>\n<p>Wird ein Antrag auf Berichtigung, L\u00f6schung oder Einschr\u00e4nkung der Verarbeitung abgelehnt, so unterrichtet der f\u00fcr die Verarbeitung Verantwortliche die betroffene Person \u00fcber die M\u00f6glichkeit, einen Rechtsbehelf einzulegen und sich an die nationale Beh\u00f6rde f\u00fcr Datenschutz und Informationsfreiheit zu wenden.<\/p>\n<p>Die betroffene Person kann der Verarbeitung ihrer personenbezogenen Daten widersprechen,<\/p>\n<ul>\n<li>wenn die Verarbeitung oder \u00dcbermittlung personenbezogener Daten ausschlie\u00dflich zur Erf\u00fcllung einer rechtlichen Verpflichtung, der der f\u00fcr die Verarbeitung Verantwortliche unterliegt, oder zur Wahrung der berechtigten Interessen des f\u00fcr die Verarbeitung Verantwortlichen, des Empf\u00e4ngers oder eines Dritten erforderlich ist, es sei denn, es handelt sich um eine obligatorische Verarbeitung;<\/li>\n<li>wenn die personenbezogenen Daten f\u00fcr Zwecke des Direktmarketings, der \u00f6ffentlichen Meinungsumfrage oder der wissenschaftlichen Forschung verwendet oder weitergegeben werden; und<\/li>\n<li>in anderen gesetzlich festgelegten F\u00e4llen.<\/li>\n<\/ul>\n<p>Der f\u00fcr die Verarbeitung Verantwortliche pr\u00fcft den Einspruch innerhalb der k\u00fcrzest m\u00f6glichen Frist nach Einreichung des Antrags, sp\u00e4testens jedoch innerhalb von 15 Tagen, entscheidet \u00fcber die Begr\u00fcndetheit des Einspruchs und teilt dem Antragsteller seine Entscheidung schriftlich mit. Ist die betroffene Person mit der Entscheidung des f\u00fcr die Verarbeitung Verantwortlichen nicht einverstanden oder h\u00e4lt der f\u00fcr die Verarbeitung Verantwortliche die oben genannte Frist nicht ein, kann die betroffene Person innerhalb von 30 Tagen nach Zustellung der Entscheidung oder am letzten Tag der Frist das Gericht am Wohnsitz der betroffenen Person oder am Sitz des f\u00fcr die Verarbeitung Verantwortlichen anrufen.<\/p>\n<h5><strong>6. die Datensicherheit<\/strong><\/h5>\n<p>Der f\u00fcr die Verarbeitung Verantwortliche verpflichtet sich, die Sicherheit der Daten zu gew\u00e4hrleisten, technische und organisatorische Ma\u00dfnahmen zu ergreifen und Verfahrensregeln festzulegen, um den Schutz der erfassten, gespeicherten oder verarbeiteten Daten zu gew\u00e4hrleisten und ihre Vernichtung, unbefugte Verwendung oder unbefugte \u00c4nderung zu verhindern. Sie verpflichten sich auch, von Dritten, an die Sie Daten mit Zustimmung der betroffenen Person weitergeben oder offenlegen, die Einhaltung der Datensicherheitsanforderungen zu verlangen.<\/p>\n<p>Der f\u00fcr die Verarbeitung Verantwortliche stellt sicher, dass die verarbeiteten Daten nicht von Unbefugten eingesehen, offengelegt, \u00fcbermittelt, ge\u00e4ndert oder gel\u00f6scht werden k\u00f6nnen. Die verarbeiteten Daten d\u00fcrfen nur von den Mitarbeitern des f\u00fcr die Verarbeitung Verantwortlichen eingesehen werden; der f\u00fcr die Verarbeitung Verantwortliche darf sie nicht an Dritte weitergeben, die nicht zum Zugriff auf die Daten berechtigt sind.<\/p>\n<p>Der f\u00fcr die Verarbeitung Verantwortliche unternimmt alle angemessenen Anstrengungen, um sicherzustellen, dass die Daten nicht versehentlich besch\u00e4digt oder zerst\u00f6rt werden. Der f\u00fcr die Verarbeitung Verantwortliche verlangt diese Verpflichtung auch von seinen Mitarbeitern, die an der Verarbeitungst\u00e4tigkeit beteiligt sind.<\/p>\n<p>Der f\u00fcr die Verarbeitung Verantwortliche wird unter keinen Umst\u00e4nden sensible Daten erheben, d. h. Daten, aus denen die rassische oder ethnische Herkunft, die Zugeh\u00f6rigkeit zu nationalen oder ethnischen Minderheiten, politische Meinungen oder Parteizugeh\u00f6rigkeiten, religi\u00f6se oder sonstige \u00dcberzeugungen, die Zugeh\u00f6rigkeit zu einer Interessengruppe oder Vorstrafen hervorgehen.<\/p>\n<p>Im Falle einer Verletzung des Schutzes personenbezogener Daten benachrichtigt der f\u00fcr die Verarbeitung Verantwortliche die Aufsichtsbeh\u00f6rde unverz\u00fcglich, sp\u00e4testens jedoch 72 Stunden, nachdem er von der Verletzung des Schutzes personenbezogener Daten Kenntnis erlangt hat, es sei denn, es ist unwahrscheinlich, dass die Verletzung des Schutzes personenbezogener Daten ein Risiko f\u00fcr die Rechte und Freiheiten nat\u00fcrlicher Personen darstellt. In dem unerwarteten Fall, dass die Meldung nicht innerhalb von 72 Stunden erfolgt, f\u00fcgt der f\u00fcr die Verarbeitung Verantwortliche der Meldung auch die Gr\u00fcnde f\u00fcr die Verz\u00f6gerung bei.<\/p>\n<p>F\u00fchrt die Verletzung des Schutzes personenbezogener Daten wahrscheinlich zu einem hohen Risiko f\u00fcr die Rechte und Freiheiten nat\u00fcrlicher Personen, informiert der f\u00fcr die Verarbeitung Verantwortliche die betroffene Person unverz\u00fcglich \u00fcber die Verletzung des Schutzes personenbezogener Daten.<\/p>\n<p>Wenn der f\u00fcr die Verarbeitung Verantwortliche die betroffene Person \u00fcber eine wahrscheinliche Verletzung des Schutzes personenbezogener Daten mit hohem Risiko informiert:<\/p>\n<ul>\n<li>beschreibt die Art der Datenschutzverletzung in einer klaren und einfachen Sprache;<\/li>\n<li>den Namen und die Kontaktdaten anderer Ansprechpartner, die weitere Ausk\u00fcnfte erteilen k\u00f6nnen, mitteilen;<\/li>\n<li>beschreibt die wahrscheinlichen Folgen einer Datenschutzverletzung;<\/li>\n<li>Beschreibung der Ma\u00dfnahmen, die der f\u00fcr die Verarbeitung Verantwortliche zur Behebung der Verletzung des Schutzes personenbezogener Daten ergriffen hat oder zu ergreifen gedenkt, gegebenenfalls einschlie\u00dflich Ma\u00dfnahmen zur Abmilderung etwaiger negativer Folgen der Verletzung des Schutzes personenbezogener Daten.<\/li>\n<\/ul>\n<h5><strong>7. die Durchsetzungsoptionen<\/strong><\/h5>\n<p>Der f\u00fcr die Verarbeitung Verantwortliche unternimmt alle Anstrengungen, um sicherzustellen, dass personenbezogene Daten im Einklang mit dem Gesetz verarbeitet werden. Wenn Sie der Meinung sind, dass Sie diese Anforderungen nicht erf\u00fcllen, wenden Sie sich bitte schriftlich an uns: info@fintechjog.hu.<\/p>\n<p>Wenn Sie der Ansicht sind, dass Ihr Recht auf den Schutz Ihrer personenbezogenen Daten verletzt wurde, haben Sie das Recht, bei den zust\u00e4ndigen Stellen gem\u00e4\u00df den geltenden Rechtsvorschriften Rechtsmittel einzulegen.<\/p>\n<ul>\n<li>Nationale Beh\u00f6rde f\u00fcr Datenschutz und Informationsfreiheit (Anschrift: 1055 Budapest, Falk Miksa utca 9-11.)<\/li>\n<li>das Gericht des Wohnsitzes der betroffenen Person oder des Ortes, an dem der f\u00fcr die Verarbeitung Verantwortliche niedergelassen ist.<\/li>\n<\/ul>\n<h5><strong>8. sonstige Bestimmungen<\/strong><\/h5>\n<p>Dieser Hinweis unterliegt der EU-Verordnung 2016\/679 (&#8222;DSGVO&#8220;) und ungarischem Recht, insbesondere dem ungarischen Gesetz \u00fcber das Recht auf informationelle Selbstbestimmung und Informationsfreiheit von 2011. CXII. gelten die Bestimmungen des Gesetzes.<\/p>\n<p>Der f\u00fcr die Verarbeitung Verantwortliche beh\u00e4lt sich das Recht vor, diese Datenschutzrichtlinie jederzeit einseitig zu \u00e4ndern, wobei die betroffenen Personen vorher zu benachrichtigen sind.<\/p>\n<p>Budapest, 2024. 5. M\u00e4rz.<\/p>\n<p><strong> <\/strong><\/p>\n<p>Anwaltskanzlei David und Sike<\/p>\n<p>Datenkontrolleur<\/p>\n","protected":false},"excerpt":{"rendered":"<p>Daten des f\u00fcr die Verarbeitung Verantwortlichen Der f\u00fcr die Datenverarbeitung [&hellip;]<\/p>\n","protected":false},"author":1,"featured_media":0,"parent":0,"menu_order":0,"comment_status":"closed","ping_status":"closed","template":"100-width.php","meta":{"_acf_changed":false,"footnotes":""},"class_list":["post-730","page","type-page","status-publish","hentry"],"acf":[],"yoast_head":"<!-- This site is optimized with the Yoast SEO plugin v27.4 - https:\/\/yoast.com\/product\/yoast-seo-wordpress\/ -->\n<title>Hinweis zum Datenschutz - Fintechjog<\/title>\n<meta name=\"robots\" content=\"index, follow, max-snippet:-1, max-image-preview:large, max-video-preview:-1\" \/>\n<link rel=\"canonical\" href=\"https:\/\/www.fintechjog.hu\/de\/hinweis-zum-datenschutz\/\" \/>\n<meta property=\"og:locale\" content=\"de_DE\" \/>\n<meta property=\"og:type\" content=\"article\" \/>\n<meta property=\"og:title\" content=\"Hinweis zum Datenschutz - Fintechjog\" \/>\n<meta property=\"og:description\" content=\"Daten des f\u00fcr die Verarbeitung Verantwortlichen Der f\u00fcr die Datenverarbeitung [&hellip;]\" \/>\n<meta property=\"og:url\" content=\"https:\/\/www.fintechjog.hu\/de\/hinweis-zum-datenschutz\/\" \/>\n<meta property=\"og:site_name\" content=\"Fintechjog\" \/>\n<meta property=\"article:modified_time\" content=\"2024-10-23T07:06:40+00:00\" \/>\n<meta name=\"twitter:card\" content=\"summary_large_image\" \/>\n<meta name=\"twitter:label1\" content=\"Gesch\u00e4tzte Lesezeit\" \/>\n\t<meta name=\"twitter:data1\" content=\"10\u00a0Minuten\" \/>\n<script type=\"application\/ld+json\" class=\"yoast-schema-graph\">{\"@context\":\"https:\\\/\\\/schema.org\",\"@graph\":[{\"@type\":\"WebPage\",\"@id\":\"https:\\\/\\\/www.fintechjog.hu\\\/de\\\/hinweis-zum-datenschutz\\\/\",\"url\":\"https:\\\/\\\/www.fintechjog.hu\\\/de\\\/hinweis-zum-datenschutz\\\/\",\"name\":\"Hinweis zum Datenschutz - Fintechjog\",\"isPartOf\":{\"@id\":\"https:\\\/\\\/www.fintechjog.hu\\\/de\\\/#website\"},\"datePublished\":\"2024-02-25T16:48:09+00:00\",\"dateModified\":\"2024-10-23T07:06:40+00:00\",\"breadcrumb\":{\"@id\":\"https:\\\/\\\/www.fintechjog.hu\\\/de\\\/hinweis-zum-datenschutz\\\/#breadcrumb\"},\"inLanguage\":\"de\",\"potentialAction\":[{\"@type\":\"ReadAction\",\"target\":[\"https:\\\/\\\/www.fintechjog.hu\\\/de\\\/hinweis-zum-datenschutz\\\/\"]}]},{\"@type\":\"BreadcrumbList\",\"@id\":\"https:\\\/\\\/www.fintechjog.hu\\\/de\\\/hinweis-zum-datenschutz\\\/#breadcrumb\",\"itemListElement\":[{\"@type\":\"ListItem\",\"position\":1,\"name\":\"Kezd\u0151lap\",\"item\":\"https:\\\/\\\/www.fintechjog.hu\\\/de\\\/startseite\\\/\"},{\"@type\":\"ListItem\",\"position\":2,\"name\":\"Hinweis zum Datenschutz\"}]},{\"@type\":\"WebSite\",\"@id\":\"https:\\\/\\\/www.fintechjog.hu\\\/de\\\/#website\",\"url\":\"https:\\\/\\\/www.fintechjog.hu\\\/de\\\/\",\"name\":\"Fintechjog\",\"description\":\"A fintech v\u00e1llalkoz\u00e1sok \u00e9s innovat\u00edv technol\u00f3gi\u00e1k jogi szak\u00e9rt\u0151je\",\"publisher\":{\"@id\":\"https:\\\/\\\/www.fintechjog.hu\\\/de\\\/#organization\"},\"potentialAction\":[{\"@type\":\"SearchAction\",\"target\":{\"@type\":\"EntryPoint\",\"urlTemplate\":\"https:\\\/\\\/www.fintechjog.hu\\\/de\\\/?s={search_term_string}\"},\"query-input\":{\"@type\":\"PropertyValueSpecification\",\"valueRequired\":true,\"valueName\":\"search_term_string\"}}],\"inLanguage\":\"de\"},{\"@type\":\"Organization\",\"@id\":\"https:\\\/\\\/www.fintechjog.hu\\\/de\\\/#organization\",\"name\":\"Fintechjog\",\"url\":\"https:\\\/\\\/www.fintechjog.hu\\\/de\\\/\",\"logo\":{\"@type\":\"ImageObject\",\"inLanguage\":\"de\",\"@id\":\"https:\\\/\\\/www.fintechjog.hu\\\/de\\\/#\\\/schema\\\/logo\\\/image\\\/\",\"url\":\"https:\\\/\\\/www.fintechjog.hu\\\/wp-content\\\/uploads\\\/2024\\\/02\\\/fintechjog_logo_alternate_default.png\",\"contentUrl\":\"https:\\\/\\\/www.fintechjog.hu\\\/wp-content\\\/uploads\\\/2024\\\/02\\\/fintechjog_logo_alternate_default.png\",\"width\":190,\"height\":48,\"caption\":\"Fintechjog\"},\"image\":{\"@id\":\"https:\\\/\\\/www.fintechjog.hu\\\/de\\\/#\\\/schema\\\/logo\\\/image\\\/\"},\"sameAs\":[\"https:\\\/\\\/www.linkedin.com\\\/company\\\/fintechjog\\\/\"]}]}<\/script>\n<!-- \/ Yoast SEO plugin. -->","yoast_head_json":{"title":"Hinweis zum Datenschutz - Fintechjog","robots":{"index":"index","follow":"follow","max-snippet":"max-snippet:-1","max-image-preview":"max-image-preview:large","max-video-preview":"max-video-preview:-1"},"canonical":"https:\/\/www.fintechjog.hu\/de\/hinweis-zum-datenschutz\/","og_locale":"de_DE","og_type":"article","og_title":"Hinweis zum Datenschutz - Fintechjog","og_description":"Daten des f\u00fcr die Verarbeitung Verantwortlichen Der f\u00fcr die Datenverarbeitung [&hellip;]","og_url":"https:\/\/www.fintechjog.hu\/de\/hinweis-zum-datenschutz\/","og_site_name":"Fintechjog","article_modified_time":"2024-10-23T07:06:40+00:00","twitter_card":"summary_large_image","twitter_misc":{"Gesch\u00e4tzte Lesezeit":"10\u00a0Minuten"},"schema":{"@context":"https:\/\/schema.org","@graph":[{"@type":"WebPage","@id":"https:\/\/www.fintechjog.hu\/de\/hinweis-zum-datenschutz\/","url":"https:\/\/www.fintechjog.hu\/de\/hinweis-zum-datenschutz\/","name":"Hinweis zum Datenschutz - Fintechjog","isPartOf":{"@id":"https:\/\/www.fintechjog.hu\/de\/#website"},"datePublished":"2024-02-25T16:48:09+00:00","dateModified":"2024-10-23T07:06:40+00:00","breadcrumb":{"@id":"https:\/\/www.fintechjog.hu\/de\/hinweis-zum-datenschutz\/#breadcrumb"},"inLanguage":"de","potentialAction":[{"@type":"ReadAction","target":["https:\/\/www.fintechjog.hu\/de\/hinweis-zum-datenschutz\/"]}]},{"@type":"BreadcrumbList","@id":"https:\/\/www.fintechjog.hu\/de\/hinweis-zum-datenschutz\/#breadcrumb","itemListElement":[{"@type":"ListItem","position":1,"name":"Kezd\u0151lap","item":"https:\/\/www.fintechjog.hu\/de\/startseite\/"},{"@type":"ListItem","position":2,"name":"Hinweis zum Datenschutz"}]},{"@type":"WebSite","@id":"https:\/\/www.fintechjog.hu\/de\/#website","url":"https:\/\/www.fintechjog.hu\/de\/","name":"Fintechjog","description":"A fintech v\u00e1llalkoz\u00e1sok \u00e9s innovat\u00edv technol\u00f3gi\u00e1k jogi szak\u00e9rt\u0151je","publisher":{"@id":"https:\/\/www.fintechjog.hu\/de\/#organization"},"potentialAction":[{"@type":"SearchAction","target":{"@type":"EntryPoint","urlTemplate":"https:\/\/www.fintechjog.hu\/de\/?s={search_term_string}"},"query-input":{"@type":"PropertyValueSpecification","valueRequired":true,"valueName":"search_term_string"}}],"inLanguage":"de"},{"@type":"Organization","@id":"https:\/\/www.fintechjog.hu\/de\/#organization","name":"Fintechjog","url":"https:\/\/www.fintechjog.hu\/de\/","logo":{"@type":"ImageObject","inLanguage":"de","@id":"https:\/\/www.fintechjog.hu\/de\/#\/schema\/logo\/image\/","url":"https:\/\/www.fintechjog.hu\/wp-content\/uploads\/2024\/02\/fintechjog_logo_alternate_default.png","contentUrl":"https:\/\/www.fintechjog.hu\/wp-content\/uploads\/2024\/02\/fintechjog_logo_alternate_default.png","width":190,"height":48,"caption":"Fintechjog"},"image":{"@id":"https:\/\/www.fintechjog.hu\/de\/#\/schema\/logo\/image\/"},"sameAs":["https:\/\/www.linkedin.com\/company\/fintechjog\/"]}]}},"_links":{"self":[{"href":"https:\/\/www.fintechjog.hu\/de\/wp-json\/wp\/v2\/pages\/730","targetHints":{"allow":["GET"]}}],"collection":[{"href":"https:\/\/www.fintechjog.hu\/de\/wp-json\/wp\/v2\/pages"}],"about":[{"href":"https:\/\/www.fintechjog.hu\/de\/wp-json\/wp\/v2\/types\/page"}],"author":[{"embeddable":true,"href":"https:\/\/www.fintechjog.hu\/de\/wp-json\/wp\/v2\/users\/1"}],"replies":[{"embeddable":true,"href":"https:\/\/www.fintechjog.hu\/de\/wp-json\/wp\/v2\/comments?post=730"}],"version-history":[{"count":1,"href":"https:\/\/www.fintechjog.hu\/de\/wp-json\/wp\/v2\/pages\/730\/revisions"}],"predecessor-version":[{"id":1091,"href":"https:\/\/www.fintechjog.hu\/de\/wp-json\/wp\/v2\/pages\/730\/revisions\/1091"}],"wp:attachment":[{"href":"https:\/\/www.fintechjog.hu\/de\/wp-json\/wp\/v2\/media?parent=730"}],"curies":[{"name":"wp","href":"https:\/\/api.w.org\/{rel}","templated":true}]}}