{"id":571,"date":"2024-02-25T16:19:43","date_gmt":"2024-02-25T15:19:43","guid":{"rendered":"https:\/\/www.fintechjog.hu\/kontakt\/"},"modified":"2024-04-04T08:30:40","modified_gmt":"2024-04-04T06:30:40","slug":"kontakt","status":"publish","type":"page","link":"https:\/\/www.fintechjog.hu\/de\/kontakt\/","title":{"rendered":"Kontakt"},"content":{"rendered":"<div class=\"fusion-fullwidth fullwidth-box fusion-builder-row-1 fusion-flex-container has-pattern-background has-mask-background nonhundred-percent-fullwidth non-hundred-percent-height-scrolling\" style=\"--link_hover_color: var(--awb-custom_color_7);--awb-border-radius-top-left:0px;--awb-border-radius-top-right:0px;--awb-border-radius-bottom-right:0px;--awb-border-radius-bottom-left:0px;--awb-margin-top:88px;--awb-flex-wrap:wrap;\" ><div class=\"fusion-builder-row fusion-row fusion-flex-align-items-flex-start fusion-flex-justify-content-center fusion-flex-content-wrap\" style=\"max-width:1181.44px;margin-left: calc(-4% \/ 2 );margin-right: calc(-4% \/ 2 );\"><div class=\"fusion-layout-column fusion_builder_column fusion-builder-column-0 fusion_builder_column_2_5 2_5 fusion-flex-column\" style=\"--awb-bg-size:cover;--awb-width-large:40%;--awb-margin-top-large:0px;--awb-spacing-right-large:4.8%;--awb-margin-bottom-large:0px;--awb-spacing-left-large:4.8%;--awb-width-medium:40%;--awb-order-medium:0;--awb-spacing-right-medium:4.8%;--awb-spacing-left-medium:4.8%;--awb-width-small:100%;--awb-order-small:0;--awb-spacing-right-small:1.92%;--awb-spacing-left-small:1.92%;\"><div class=\"fusion-column-wrapper fusion-column-has-shadow fusion-flex-justify-content-flex-start fusion-content-layout-column\"><div class=\"fusion-title title fusion-title-1 fusion-sep-none fusion-title-center fusion-title-text fusion-title-size-one\" style=\"--awb-text-color:var(--awb-custom_color_23);--awb-margin-bottom:32px;--awb-margin-bottom-small:24px;--awb-margin-bottom-medium:24px;--awb-font-size:var(--awb-custom_typography_6-font-size);\"><h1 class=\"fusion-title-heading title-heading-center fusion-responsive-typography-calculated\" style=\"font-family:var(--awb-custom_typography_6-font-family);font-weight:var(--awb-custom_typography_6-font-weight);font-style:var(--awb-custom_typography_6-font-style);margin:0;font-size:1em;letter-spacing:var(--awb-custom_typography_6-letter-spacing);text-transform:var(--awb-custom_typography_6-text-transform);--fontSize:35.04375;line-height:var(--awb-custom_typography_6-line-height);\">Kontakt<\/h1><\/div><div class=\"fusion-builder-row fusion-builder-row-inner fusion-row fusion-flex-align-items-flex-start fusion-flex-justify-content-center fusion-flex-content-wrap\" style=\"width:104% !important;max-width:104% !important;margin-left: calc(-4% \/ 2 );margin-right: calc(-4% \/ 2 );\"><div class=\"fusion-layout-column fusion_builder_column_inner fusion-builder-nested-column-0 fusion_builder_column_inner_1_2 1_2 fusion-flex-column\" style=\"--awb-bg-size:cover;--awb-width-large:50%;--awb-margin-top-large:0px;--awb-spacing-right-large:3.84%;--awb-margin-bottom-large:0px;--awb-spacing-left-large:3.84%;--awb-width-medium:50%;--awb-order-medium:0;--awb-spacing-right-medium:3.84%;--awb-spacing-left-medium:3.84%;--awb-width-small:50%;--awb-order-small:0;--awb-spacing-right-small:3.84%;--awb-spacing-left-small:3.84%;\" data-scroll-devices=\"small-visibility,medium-visibility,large-visibility\"><div class=\"fusion-column-wrapper fusion-column-has-shadow fusion-flex-justify-content-flex-start fusion-content-layout-column\"><div class=\"fusion-title title fusion-title-2 fusion-sep-none fusion-title-center fusion-title-text fusion-title-size-two\" style=\"--awb-text-color:var(--awb-custom_color_23);--awb-margin-bottom:8px;--awb-margin-bottom-small:8px;--awb-margin-bottom-medium:8px;--awb-font-size:var(--awb-custom_typography_22-font-size);\"><h2 class=\"fusion-title-heading title-heading-center fusion-responsive-typography-calculated\" style=\"font-family:var(--awb-custom_typography_22-font-family);font-weight:var(--awb-custom_typography_22-font-weight);font-style:var(--awb-custom_typography_22-font-style);margin:0;font-size:1em;letter-spacing:var(--awb-custom_typography_22-letter-spacing);text-transform:var(--awb-custom_typography_22-text-transform);--fontSize:14.30625;--minFontSize:14.30625;line-height:var(--awb-custom_typography_22-line-height);\">E-Mail Adresse<\/h2><\/div><div class=\"fusion-title title fusion-title-3 fusion-sep-none fusion-title-center fusion-title-text fusion-title-size-div\" style=\"--awb-text-color:var(--awb-custom_color_23);--awb-font-size:var(--awb-custom_typography_21-font-size);\"><div class=\"fusion-title-heading title-heading-center title-heading-tag fusion-responsive-typography-calculated\" style=\"font-family:var(--awb-custom_typography_21-font-family);font-weight:var(--awb-custom_typography_21-font-weight);font-style:var(--awb-custom_typography_21-font-style);margin:0;font-size:1em;letter-spacing:var(--awb-custom_typography_21-letter-spacing);text-transform:var(--awb-custom_typography_21-text-transform);--fontSize:14.30625;--minFontSize:14.30625;line-height:var(--awb-custom_typography_21-line-height);\">info@fintechjog.hu<\/div><\/div><\/div><\/div><div class=\"fusion-layout-column fusion_builder_column_inner fusion-builder-nested-column-1 fusion_builder_column_inner_1_2 1_2 fusion-flex-column\" style=\"--awb-bg-size:cover;--awb-width-large:50%;--awb-margin-top-large:0px;--awb-spacing-right-large:3.84%;--awb-margin-bottom-large:0px;--awb-spacing-left-large:3.84%;--awb-width-medium:50%;--awb-order-medium:0;--awb-spacing-right-medium:3.84%;--awb-spacing-left-medium:3.84%;--awb-width-small:50%;--awb-order-small:0;--awb-spacing-right-small:3.84%;--awb-spacing-left-small:3.84%;\" data-scroll-devices=\"small-visibility,medium-visibility,large-visibility\"><div class=\"fusion-column-wrapper fusion-column-has-shadow fusion-flex-justify-content-flex-start fusion-content-layout-column\"><div class=\"fusion-title title fusion-title-4 fusion-sep-none fusion-title-center fusion-title-text fusion-title-size-two\" style=\"--awb-text-color:var(--awb-custom_color_23);--awb-margin-bottom:8px;--awb-margin-bottom-small:8px;--awb-margin-bottom-medium:8px;--awb-font-size:var(--awb-custom_typography_22-font-size);\"><h2 class=\"fusion-title-heading title-heading-center fusion-responsive-typography-calculated\" style=\"font-family:var(--awb-custom_typography_22-font-family);font-weight:var(--awb-custom_typography_22-font-weight);font-style:var(--awb-custom_typography_22-font-style);margin:0;font-size:1em;letter-spacing:var(--awb-custom_typography_22-letter-spacing);text-transform:var(--awb-custom_typography_22-text-transform);--fontSize:14.30625;--minFontSize:14.30625;line-height:var(--awb-custom_typography_22-line-height);\">Rufnummer<\/h2><\/div><div class=\"fusion-title title fusion-title-5 fusion-sep-none fusion-title-center fusion-title-text fusion-title-size-div\" style=\"--awb-text-color:var(--awb-custom_color_23);--awb-font-size:var(--awb-custom_typography_21-font-size);\"><div class=\"fusion-title-heading title-heading-center title-heading-tag fusion-responsive-typography-calculated\" style=\"font-family:var(--awb-custom_typography_21-font-family);font-weight:var(--awb-custom_typography_21-font-weight);font-style:var(--awb-custom_typography_21-font-style);margin:0;font-size:1em;letter-spacing:var(--awb-custom_typography_21-letter-spacing);text-transform:var(--awb-custom_typography_21-text-transform);--fontSize:14.30625;--minFontSize:14.30625;line-height:var(--awb-custom_typography_21-line-height);\">+36 20 439 1229<\/div><\/div><\/div><\/div><\/div><div class=\"fusion-title title fusion-title-6 fusion-sep-none fusion-title-center fusion-title-text fusion-title-size-two\" style=\"--awb-text-color:var(--awb-custom_color_23);--awb-margin-top:56px;--awb-margin-bottom:32px;--awb-margin-top-small:40px;--awb-margin-bottom-small:24px;--awb-margin-top-medium:40px;--awb-margin-bottom-medium:24px;--awb-font-size:var(--awb-custom_typography_14-font-size);\"><h2 class=\"fusion-title-heading title-heading-center fusion-responsive-typography-calculated\" style=\"font-family:var(--awb-custom_typography_14-font-family);font-weight:var(--awb-custom_typography_14-font-weight);font-style:var(--awb-custom_typography_14-font-style);margin:0;font-size:1em;letter-spacing:var(--awb-custom_typography_14-letter-spacing);text-transform:var(--awb-custom_typography_14-text-transform);--fontSize:22.3125;line-height:var(--awb-custom_typography_14-line-height);\">Senden Sie uns eine Nachricht<\/h2><\/div><div class=\"fusion-form fusion-form-builder fusion-form-form-wrapper fusion-form-735\" style=\"--awb-tooltip-text-color:#ffffff;--awb-tooltip-background-color:#333333;\" data-form-id=\"735\" data-config=\"{&quot;form_id&quot;:735,&quot;form_post_id&quot;:735,&quot;post_id&quot;:571,&quot;form_type&quot;:&quot;ajax&quot;,&quot;confirmation_type&quot;:&quot;message&quot;,&quot;redirect_url&quot;:&quot;&quot;,&quot;field_labels&quot;:{&quot;name&quot;:&quot;Name&quot;,&quot;e-mail&quot;:&quot;E-Mail&quot;,&quot;phone&quot;:&quot;Rufnummer&quot;,&quot;services&quot;:&quot;Dienst&quot;,&quot;message&quot;:&quot;Nachricht an&quot;,&quot;acceptance&quot;:&quot;&quot;},&quot;field_logics&quot;:{&quot;name&quot;:&quot;&quot;,&quot;e-mail&quot;:&quot;&quot;,&quot;phone&quot;:&quot;&quot;,&quot;services&quot;:&quot;&quot;,&quot;message&quot;:&quot;&quot;,&quot;acceptance&quot;:&quot;&quot;,&quot;notice_1&quot;:&quot;&quot;},&quot;field_types&quot;:{&quot;name&quot;:&quot;text&quot;,&quot;e-mail&quot;:&quot;email&quot;,&quot;phone&quot;:&quot;phone_number&quot;,&quot;services&quot;:&quot;select&quot;,&quot;message&quot;:&quot;textarea&quot;,&quot;acceptance&quot;:&quot;consent&quot;,&quot;submit_1&quot;:&quot;submit&quot;,&quot;notice_1&quot;:&quot;notice&quot;},&quot;nonce_method&quot;:&quot;ajax&quot;}\"><form action=\"https:\/\/www.fintechjog.hu\/de\/kontakt\/\" method=\"post\" class=\"fusion-form fusion-form-735\"><div class=\"fusion-fullwidth fullwidth-box fusion-builder-row-1-1 fusion-flex-container has-pattern-background has-mask-background nonhundred-percent-fullwidth non-hundred-percent-height-scrolling\" style=\"--awb-border-radius-top-left:0px;--awb-border-radius-top-right:0px;--awb-border-radius-bottom-right:0px;--awb-border-radius-bottom-left:0px;--awb-flex-wrap:wrap;\" ><div class=\"fusion-builder-row fusion-row fusion-flex-align-items-flex-start fusion-flex-content-wrap\" style=\"width:104% !important;max-width:104% !important;margin-left: calc(-4% \/ 2 );margin-right: calc(-4% \/ 2 );\"><div class=\"fusion-layout-column fusion_builder_column fusion-builder-column-1 fusion_builder_column_1_1 1_1 fusion-flex-column\" style=\"--awb-bg-size:cover;--awb-width-large:100%;--awb-margin-top-large:0px;--awb-spacing-right-large:1.92%;--awb-margin-bottom-large:0px;--awb-spacing-left-large:1.92%;--awb-width-medium:100%;--awb-order-medium:0;--awb-spacing-right-medium:1.92%;--awb-spacing-left-medium:1.92%;--awb-width-small:100%;--awb-order-small:0;--awb-spacing-right-small:1.92%;--awb-spacing-left-small:1.92%;\"><div class=\"fusion-column-wrapper fusion-column-has-shadow fusion-flex-justify-content-flex-start fusion-content-layout-column\"><div class=\"fusion-form-field fusion-form-text-field fusion-form-label-above\" style=\"\" data-form-id=\"735\"><div class=\"fusion-form-label-wrapper\"><label for=\"name\">Name <abbr class=\"fusion-form-element-required\" title=\"required\">*<\/abbr><\/label><\/div><input type=\"text\" name=\"name\" id=\"name\" value=\"\"  class=\"fusion-form-input\" required=\"true\" aria-required=\"true\" data-holds-private-data=\"false\" minlength=\"0\"\/><\/div><div class=\"fusion-form-field fusion-form-email-field fusion-form-label-above\" style=\"\" data-form-id=\"735\"><div class=\"fusion-form-label-wrapper\"><label for=\"e-mail\">E-Mail <abbr class=\"fusion-form-element-required\" title=\"required\">*<\/abbr><\/label><\/div><input type=\"email\" name=\"e-mail\" id=\"e-mail\" value=\"\"  class=\"fusion-form-input\" required=\"true\" aria-required=\"true\" data-holds-private-data=\"false\"\/><\/div><div class=\"fusion-form-field fusion-form-phone-number-field fusion-form-label-above\" style=\"\" data-form-id=\"735\"><div class=\"fusion-form-label-wrapper\"><label for=\"phone\">Rufnummer<\/label><\/div><div class=\"fusion-form-input-with-icon\"><i class=\"awb-form-icon fa-phone-square-alt fas\"><\/i><input type=\"tel\" name=\"phone\" id=\"phone\" value=\"\"  class=\"fusion-form-input\" data-holds-private-data=\"false\"\/><\/div><\/div><div class=\"fusion-form-field fusion-form-select-field fusion-form-label-above\" style=\"\" data-form-id=\"735\"><label for=\"services\">Dienst <abbr class=\"fusion-form-element-required\" title=\"required\">*<\/abbr><\/label><div class=\"fusion-select-wrapper\"><select tabindex=\"\" id=\"services\" name=\"services\" class=\"fusion-form-input\" required=\"true\" aria-required=\"true\" data-holds-private-data=\"false\"><option value=\"Fintech-Recht und Compliance\" >Fintech-Recht und Compliance<\/option><option value=\"GDPR und Datenschutz\" >GDPR und Datenschutz<\/option><option value=\"K\u00fcnstliche Intelligenz\" >K\u00fcnstliche Intelligenz<\/option><option value=\"IT- und Cybersicherheit\" >IT- und Cybersicherheit<\/option><option value=\"Schutz des geistigen Eigentums\" >Schutz des geistigen Eigentums<\/option><option value=\"Gesellschaftsrecht\" >Gesellschaftsrecht<\/option><option value=\"Start-up\" >Start-up<\/option><option value=\"Immobilienrecht\" >Immobilienrecht<\/option><option value=\"Arbeitsrecht\" >Arbeitsrecht<\/option><option value=\"Erwachsenenbildung\" >Erwachsenenbildung<\/option><option value=\"Andere\" >Andere<\/option><\/select><div class=\"select-arrow\"><svg width=\"12\" height=\"8\" viewBox=\"0 0 12 8\" fill=\"none\" xmlns=\"http:\/\/www.w3.org\/2000\/svg\"> <path d=\"M1.5 1.75L6 6.25L10.5 1.75\" stroke=\"#6D6D6D\" stroke-width=\"2\" stroke-linecap=\"round\" stroke-linejoin=\"round\"\/> <\/svg><\/div><\/div><\/div><div class=\"fusion-form-field fusion-form-textarea-field fusion-form-label-above\" style=\"\" data-form-id=\"735\"><label for=\"message\">Nachricht an<\/label><textarea cols=\"40\"  minlength=\"0\"  rows=\"4\" tabindex=\"\" id=\"message\" name=\"message\" class=\"fusion-form-input\" data-holds-private-data=\"false\"><\/textarea><\/div><div class=\"fusion-form-field fusion-form-consent-field fusion-form-label-above\" style=\"\" data-form-id=\"735\"><div class=\"fusion-form-checkbox option-inline\"><input tabindex=\"\" id=\"acceptance\" type=\"checkbox\" value=\"1\" name=\"acceptance\" class=\"fusion-form-input\" required=\"true\" aria-required=\"true\"\/><label for=\"acceptance\">Ich akzeptiere die <a href=\"\/data-fault-declaration\/\" target=\"_blank\">Bedingungen und Konditionen der Datenverarbeitung<\/a><\/label><\/div><\/div><div class=\"fusion-form-field fusion-form-submit-field fusion-form-label-above\" style=\"\" data-form-id=\"735\"><div style=\"text-align:right;\"><button type=\"submit\" class=\"fusion-button button-flat fusion-button-default-size button-default fusion-button-default button-1 fusion-button-default-span  form-form-submit button-default\" data-form-number=\"735\" tabindex=\"\"><i class=\"fa-paper-plane far button-icon-left\" aria-hidden=\"true\"><\/i><span class=\"fusion-button-text\">Senden an<\/span><\/button><\/div><\/div><div class=\"form-submission-notices data-notice_1\" id=\"fusion-notices-1\"><div class=\"fusion-alert alert success alert-success fusion-alert-center fusion-form-response fusion-form-response-success awb-alert-native-link-color alert-dismissable awb-alert-close-boxed\" role=\"alert\"><div class=\"fusion-alert-content-wrapper\"><span class=\"alert-icon\"><i class=\"awb-icon-check-circle\" aria-hidden=\"true\"><\/i><\/span><span class=\"fusion-alert-content\">Vielen Dank f\u00fcr Ihre Nachricht!<\/span><\/div><button type=\"button\" class=\"close toggle-alert\" data-dismiss=\"alert\" aria-label=\"Close\">&times;<\/button><\/div><div class=\"fusion-alert alert error alert-danger fusion-alert-center fusion-form-response fusion-form-response-error awb-alert-native-link-color alert-dismissable awb-alert-close-boxed\" role=\"alert\"><div class=\"fusion-alert-content-wrapper\"><span class=\"alert-icon\"><i class=\"awb-icon-exclamation-triangle\" aria-hidden=\"true\"><\/i><\/span><span class=\"fusion-alert-content\">Beim Senden der Nachricht ist ein Fehler aufgetreten. Bitte versuchen Sie es sp\u00e4ter noch einmal.<\/span><\/div><button type=\"button\" class=\"close toggle-alert\" data-dismiss=\"alert\" aria-label=\"Close\">&times;<\/button><\/div><\/div><\/div><\/div><\/div><\/div><\/form><\/div><\/div><\/div><\/div><\/div>\n","protected":false},"excerpt":{"rendered":"","protected":false},"author":1,"featured_media":0,"parent":0,"menu_order":0,"comment_status":"closed","ping_status":"closed","template":"100-width.php","meta":{"_acf_changed":false,"footnotes":""},"class_list":["post-571","page","type-page","status-publish","hentry"],"acf":[],"yoast_head":"<!-- This site is optimized with the Yoast SEO plugin v27.5 - https:\/\/yoast.com\/product\/yoast-seo-wordpress\/ -->\n<title>Kontakt - Fintechjog<\/title>\n<meta name=\"robots\" content=\"index, follow, max-snippet:-1, max-image-preview:large, max-video-preview:-1\" \/>\n<link rel=\"canonical\" href=\"https:\/\/www.fintechjog.hu\/de\/kontakt\/\" \/>\n<meta property=\"og:locale\" content=\"de_DE\" \/>\n<meta property=\"og:type\" content=\"article\" \/>\n<meta property=\"og:title\" content=\"Kontakt - Fintechjog\" \/>\n<meta property=\"og:url\" content=\"https:\/\/www.fintechjog.hu\/de\/kontakt\/\" \/>\n<meta property=\"og:site_name\" content=\"Fintechjog\" \/>\n<meta property=\"article:modified_time\" content=\"2024-04-04T06:30:40+00:00\" \/>\n<meta name=\"twitter:card\" content=\"summary_large_image\" \/>\n<meta name=\"twitter:label1\" content=\"Gesch\u00e4tzte Lesezeit\" \/>\n\t<meta name=\"twitter:data1\" content=\"17\u00a0Minuten\" \/>\n<script type=\"application\/ld+json\" class=\"yoast-schema-graph\">{\"@context\":\"https:\\\/\\\/schema.org\",\"@graph\":[{\"@type\":\"WebPage\",\"@id\":\"https:\\\/\\\/www.fintechjog.hu\\\/de\\\/kontakt\\\/\",\"url\":\"https:\\\/\\\/www.fintechjog.hu\\\/de\\\/kontakt\\\/\",\"name\":\"Kontakt - Fintechjog\",\"isPartOf\":{\"@id\":\"https:\\\/\\\/www.fintechjog.hu\\\/de\\\/#website\"},\"datePublished\":\"2024-02-25T15:19:43+00:00\",\"dateModified\":\"2024-04-04T06:30:40+00:00\",\"breadcrumb\":{\"@id\":\"https:\\\/\\\/www.fintechjog.hu\\\/de\\\/kontakt\\\/#breadcrumb\"},\"inLanguage\":\"de\",\"potentialAction\":[{\"@type\":\"ReadAction\",\"target\":[\"https:\\\/\\\/www.fintechjog.hu\\\/de\\\/kontakt\\\/\"]}]},{\"@type\":\"BreadcrumbList\",\"@id\":\"https:\\\/\\\/www.fintechjog.hu\\\/de\\\/kontakt\\\/#breadcrumb\",\"itemListElement\":[{\"@type\":\"ListItem\",\"position\":1,\"name\":\"Kezd\u0151lap\",\"item\":\"https:\\\/\\\/www.fintechjog.hu\\\/de\\\/startseite\\\/\"},{\"@type\":\"ListItem\",\"position\":2,\"name\":\"Kontakt\"}]},{\"@type\":\"WebSite\",\"@id\":\"https:\\\/\\\/www.fintechjog.hu\\\/de\\\/#website\",\"url\":\"https:\\\/\\\/www.fintechjog.hu\\\/de\\\/\",\"name\":\"Fintechjog\",\"description\":\"A fintech v\u00e1llalkoz\u00e1sok \u00e9s innovat\u00edv technol\u00f3gi\u00e1k jogi szak\u00e9rt\u0151je\",\"publisher\":{\"@id\":\"https:\\\/\\\/www.fintechjog.hu\\\/de\\\/#organization\"},\"potentialAction\":[{\"@type\":\"SearchAction\",\"target\":{\"@type\":\"EntryPoint\",\"urlTemplate\":\"https:\\\/\\\/www.fintechjog.hu\\\/de\\\/?s={search_term_string}\"},\"query-input\":{\"@type\":\"PropertyValueSpecification\",\"valueRequired\":true,\"valueName\":\"search_term_string\"}}],\"inLanguage\":\"de\"},{\"@type\":\"Organization\",\"@id\":\"https:\\\/\\\/www.fintechjog.hu\\\/de\\\/#organization\",\"name\":\"Fintechjog\",\"url\":\"https:\\\/\\\/www.fintechjog.hu\\\/de\\\/\",\"logo\":{\"@type\":\"ImageObject\",\"inLanguage\":\"de\",\"@id\":\"https:\\\/\\\/www.fintechjog.hu\\\/de\\\/#\\\/schema\\\/logo\\\/image\\\/\",\"url\":\"https:\\\/\\\/www.fintechjog.hu\\\/wp-content\\\/uploads\\\/2024\\\/02\\\/fintechjog_logo_alternate_default.png\",\"contentUrl\":\"https:\\\/\\\/www.fintechjog.hu\\\/wp-content\\\/uploads\\\/2024\\\/02\\\/fintechjog_logo_alternate_default.png\",\"width\":190,\"height\":48,\"caption\":\"Fintechjog\"},\"image\":{\"@id\":\"https:\\\/\\\/www.fintechjog.hu\\\/de\\\/#\\\/schema\\\/logo\\\/image\\\/\"},\"sameAs\":[\"https:\\\/\\\/www.linkedin.com\\\/company\\\/fintechjog\\\/\"]}]}<\/script>\n<!-- \/ Yoast SEO plugin. -->","yoast_head_json":{"title":"Kontakt - Fintechjog","robots":{"index":"index","follow":"follow","max-snippet":"max-snippet:-1","max-image-preview":"max-image-preview:large","max-video-preview":"max-video-preview:-1"},"canonical":"https:\/\/www.fintechjog.hu\/de\/kontakt\/","og_locale":"de_DE","og_type":"article","og_title":"Kontakt - Fintechjog","og_url":"https:\/\/www.fintechjog.hu\/de\/kontakt\/","og_site_name":"Fintechjog","article_modified_time":"2024-04-04T06:30:40+00:00","twitter_card":"summary_large_image","twitter_misc":{"Gesch\u00e4tzte Lesezeit":"17\u00a0Minuten"},"schema":{"@context":"https:\/\/schema.org","@graph":[{"@type":"WebPage","@id":"https:\/\/www.fintechjog.hu\/de\/kontakt\/","url":"https:\/\/www.fintechjog.hu\/de\/kontakt\/","name":"Kontakt - Fintechjog","isPartOf":{"@id":"https:\/\/www.fintechjog.hu\/de\/#website"},"datePublished":"2024-02-25T15:19:43+00:00","dateModified":"2024-04-04T06:30:40+00:00","breadcrumb":{"@id":"https:\/\/www.fintechjog.hu\/de\/kontakt\/#breadcrumb"},"inLanguage":"de","potentialAction":[{"@type":"ReadAction","target":["https:\/\/www.fintechjog.hu\/de\/kontakt\/"]}]},{"@type":"BreadcrumbList","@id":"https:\/\/www.fintechjog.hu\/de\/kontakt\/#breadcrumb","itemListElement":[{"@type":"ListItem","position":1,"name":"Kezd\u0151lap","item":"https:\/\/www.fintechjog.hu\/de\/startseite\/"},{"@type":"ListItem","position":2,"name":"Kontakt"}]},{"@type":"WebSite","@id":"https:\/\/www.fintechjog.hu\/de\/#website","url":"https:\/\/www.fintechjog.hu\/de\/","name":"Fintechjog","description":"A fintech v\u00e1llalkoz\u00e1sok \u00e9s innovat\u00edv technol\u00f3gi\u00e1k jogi szak\u00e9rt\u0151je","publisher":{"@id":"https:\/\/www.fintechjog.hu\/de\/#organization"},"potentialAction":[{"@type":"SearchAction","target":{"@type":"EntryPoint","urlTemplate":"https:\/\/www.fintechjog.hu\/de\/?s={search_term_string}"},"query-input":{"@type":"PropertyValueSpecification","valueRequired":true,"valueName":"search_term_string"}}],"inLanguage":"de"},{"@type":"Organization","@id":"https:\/\/www.fintechjog.hu\/de\/#organization","name":"Fintechjog","url":"https:\/\/www.fintechjog.hu\/de\/","logo":{"@type":"ImageObject","inLanguage":"de","@id":"https:\/\/www.fintechjog.hu\/de\/#\/schema\/logo\/image\/","url":"https:\/\/www.fintechjog.hu\/wp-content\/uploads\/2024\/02\/fintechjog_logo_alternate_default.png","contentUrl":"https:\/\/www.fintechjog.hu\/wp-content\/uploads\/2024\/02\/fintechjog_logo_alternate_default.png","width":190,"height":48,"caption":"Fintechjog"},"image":{"@id":"https:\/\/www.fintechjog.hu\/de\/#\/schema\/logo\/image\/"},"sameAs":["https:\/\/www.linkedin.com\/company\/fintechjog\/"]}]}},"_links":{"self":[{"href":"https:\/\/www.fintechjog.hu\/de\/wp-json\/wp\/v2\/pages\/571","targetHints":{"allow":["GET"]}}],"collection":[{"href":"https:\/\/www.fintechjog.hu\/de\/wp-json\/wp\/v2\/pages"}],"about":[{"href":"https:\/\/www.fintechjog.hu\/de\/wp-json\/wp\/v2\/types\/page"}],"author":[{"embeddable":true,"href":"https:\/\/www.fintechjog.hu\/de\/wp-json\/wp\/v2\/users\/1"}],"replies":[{"embeddable":true,"href":"https:\/\/www.fintechjog.hu\/de\/wp-json\/wp\/v2\/comments?post=571"}],"version-history":[{"count":5,"href":"https:\/\/www.fintechjog.hu\/de\/wp-json\/wp\/v2\/pages\/571\/revisions"}],"predecessor-version":[{"id":593,"href":"https:\/\/www.fintechjog.hu\/de\/wp-json\/wp\/v2\/pages\/571\/revisions\/593"}],"wp:attachment":[{"href":"https:\/\/www.fintechjog.hu\/de\/wp-json\/wp\/v2\/media?parent=571"}],"curies":[{"name":"wp","href":"https:\/\/api.w.org\/{rel}","templated":true}]}}